{"id":99,"date":"2015-10-15T02:52:31","date_gmt":"2015-10-15T02:52:31","guid":{"rendered":"http:\/\/psychoterapiapsychoanalityczna.pl\/?page_id=99"},"modified":"2026-03-25T09:04:48","modified_gmt":"2026-03-25T09:04:48","slug":"terminarz","status":"publish","type":"page","link":"http:\/\/psychoterapiapsychoanalityczna.pl\/?page_id=99","title":{"rendered":"Terminarz"},"content":{"rendered":"<p><strong>GODZINY ZAJ\u0118\u0106:<\/strong><\/p>\n<p>Sobota:<\/p>\n<p>10.30- 13.45 -Modu\u0142 I (seminarium teoretyczne + seminarium kliniczne)<\/p>\n<p>13.45-14.45 Przerwa obiadowa<\/p>\n<p>14.45 &#8211; 18.00\u00a0 Modu\u0142 II<\/p>\n<p>Niedziela:<\/p>\n<p>10.30-13.45 Modu\u0142 III<\/p>\n<p>\u00a0<\/p>\n<p><span style=\"color: #ff9900;\"><strong>TERMINY ZJAZD\u00d3W:<\/strong><\/span><\/p>\n<p><strong>SEMESTR JESIENNY 2026\/27:<\/strong><\/p>\n<p>12-13.09.2026<\/p>\n<p>24-25.10<\/p>\n<p>21-22.11<\/p>\n<p>12-13.12<\/p>\n<p>16-17.01.2027<\/p>\n<p>\u00a0<\/p>\n<p><span style=\"color: #ff9900;\"><b>SEMESTR WIOSENNY 2025\/2026:<\/b><\/span><\/p>\n<p>21-22.02.2026<\/p>\n<p>21-22.03<\/p>\n<p>11-12.04<\/p>\n<p>16-17.05<\/p>\n<p>13-14.06.<\/p>\n<p>\u00a0<\/p>\n\n\n<p><\/p>\n\n\n<p><\/p>","protected":false},"excerpt":{"rendered":"<p>GODZINY ZAJ\u0118\u0106: Sobota: 10.30- 13.45 -Modu\u0142 I (seminarium teoretyczne + seminarium kliniczne) 13.45-14.45 Przerwa obiadowa 14.45 &#8211; 18.00\u00a0 Modu\u0142 II Niedziela: 10.30-13.45 Modu\u0142 III \u00a0 TERMINY ZJAZD\u00d3W: SEMESTR JESIENNY 2026\/27: 12-13.09.2026 24-25.10 21-22.11 12-13.12 16-17.01.2027 \u00a0 SEMESTR WIOSENNY 2025\/2026: 21-22.02.2026 21-22.03 11-12.04 16-17.05 13-14.06. \u00a0<\/p>\n","protected":false},"author":2,"featured_media":0,"parent":0,"menu_order":0,"comment_status":"open","ping_status":"open","template":"","meta":[],"_links":{"self":[{"href":"http:\/\/psychoterapiapsychoanalityczna.pl\/index.php?rest_route=\/wp\/v2\/pages\/99"}],"collection":[{"href":"http:\/\/psychoterapiapsychoanalityczna.pl\/index.php?rest_route=\/wp\/v2\/pages"}],"about":[{"href":"http:\/\/psychoterapiapsychoanalityczna.pl\/index.php?rest_route=\/wp\/v2\/types\/page"}],"author":[{"embeddable":true,"href":"http:\/\/psychoterapiapsychoanalityczna.pl\/index.php?rest_route=\/wp\/v2\/users\/2"}],"replies":[{"embeddable":true,"href":"http:\/\/psychoterapiapsychoanalityczna.pl\/index.php?rest_route=%2Fwp%2Fv2%2Fcomments&post=99"}],"version-history":[{"count":62,"href":"http:\/\/psychoterapiapsychoanalityczna.pl\/index.php?rest_route=\/wp\/v2\/pages\/99\/revisions"}],"predecessor-version":[{"id":593,"href":"http:\/\/psychoterapiapsychoanalityczna.pl\/index.php?rest_route=\/wp\/v2\/pages\/99\/revisions\/593"}],"wp:attachment":[{"href":"http:\/\/psychoterapiapsychoanalityczna.pl\/index.php?rest_route=%2Fwp%2Fv2%2Fmedia&parent=99"}],"curies":[{"name":"wp","href":"https:\/\/api.w.org\/{rel}","templated":true}]}}