{"id":595,"date":"2026-04-09T08:33:54","date_gmt":"2026-04-09T08:33:54","guid":{"rendered":"http:\/\/psychoterapiapsychoanalityczna.pl\/?page_id=595"},"modified":"2026-04-16T13:10:21","modified_gmt":"2026-04-16T13:10:21","slug":"sympozjum-z-okazji-x-lecia-szkoly","status":"publish","type":"page","link":"http:\/\/psychoterapiapsychoanalityczna.pl\/?page_id=595","title":{"rendered":"SYMPOZJUM Z OKAZJI X-LECIA SZKO\u0141Y"},"content":{"rendered":"\n<p><strong>26 wrze\u015bnia 2026<\/strong><\/p>\n\n\n\n<p><\/p>\n\n\n\n<p><\/p>\n\n\n\n<p>Serdecznie zapraszamy na Sympozjum z okazji X-lecia naszej Szko\u0142y.<\/p>\n\n\n\n<p>Odb\u0119dzie si\u0119 ono w sobot\u0119, 26 wrze\u015bnia 2026 roku.<\/p>\n\n\n\n<p><\/p>\n\n\n\n<p><\/p>\n\n\n\n<p>Wyk\u0142ady wyg\u0142osz\u0105:<\/p>\n\n\n\n<p><strong>MARTA DEUTSCHMAN<\/strong><\/p>\n\n\n\n<p><strong>KRZYSZTOF SREBRNY<\/strong><\/p>\n\n\n\n<p><\/p>\n\n\n\n<p><\/p>\n\n\n\n<p>Komentarze do wyst\u0105pie\u0144:<\/p>\n\n\n\n<p><strong>DAWID BIE\u0143KOWSKI<\/strong><\/p>\n\n\n\n<p><strong>BARTOSZ PUK<\/strong><\/p>\n\n\n\n<p><\/p>\n\n\n\n<p><\/p>\n\n\n\n<p>Moderatorzy:<\/p>\n\n\n\n<p><strong>MICHA\u0141 RO\u017bKO<\/strong><\/p>\n\n\n\n<p><strong>URSZULA WACH<\/strong><\/p>\n\n\n\n<p><\/p>\n\n\n\n<p><\/p>\n\n\n\n<p>UDZIA\u0141 W SYMPOZJUM:<\/p>\n\n\n\n<p>Do <strong>05.09.2026<\/strong>:<\/p>\n\n\n\n<p><strong>250<\/strong> PLN (studenci i absolwenci Szko\u0142y &#8211; <strong>200<\/strong> PLN).<\/p>\n\n\n\n<p>Po <strong>05.09.2026:<\/strong><\/p>\n\n\n\n<p>wszyscy: <strong>280<\/strong> PLN<\/p>\n\n\n\n<p>WP\u0141ATY NA KONTO:<br><\/p>\n\n\n\n<p>ANIMA<\/p>\n\n\n\n<p>45 1140 2004 0000 3102 8069 5873<\/p>\n\n\n\n<p><\/p>\n\n\n\n<p><\/p>\n\n\n\n<p><strong>Zg\u0142oszenia uczestnictwa<\/strong>: dspp@psychoterapiapsychoanalityczna.pl<\/p>\n\n\n\n<p>Dalsze szczeg\u00f3\u0142y wkr\u00f3tce<\/p>\n","protected":false},"excerpt":{"rendered":"<p>26 wrze\u015bnia 2026 Serdecznie zapraszamy na Sympozjum z okazji X-lecia naszej Szko\u0142y. Odb\u0119dzie si\u0119 ono w sobot\u0119, 26 wrze\u015bnia 2026 roku. Wyk\u0142ady wyg\u0142osz\u0105: MARTA DEUTSCHMAN KRZYSZTOF SREBRNY Komentarze do wyst\u0105pie\u0144: DAWID BIE\u0143KOWSKI BARTOSZ PUK Moderatorzy: MICHA\u0141 RO\u017bKO URSZULA WACH UDZIA\u0141 W SYMPOZJUM: Do 05.09.2026: 250 PLN (studenci i absolwenci Szko\u0142y &#8211; 200 PLN). Po 05.09.2026: [&hellip;]<\/p>\n","protected":false},"author":2,"featured_media":0,"parent":0,"menu_order":0,"comment_status":"closed","ping_status":"closed","template":"","meta":[],"_links":{"self":[{"href":"http:\/\/psychoterapiapsychoanalityczna.pl\/index.php?rest_route=\/wp\/v2\/pages\/595"}],"collection":[{"href":"http:\/\/psychoterapiapsychoanalityczna.pl\/index.php?rest_route=\/wp\/v2\/pages"}],"about":[{"href":"http:\/\/psychoterapiapsychoanalityczna.pl\/index.php?rest_route=\/wp\/v2\/types\/page"}],"author":[{"embeddable":true,"href":"http:\/\/psychoterapiapsychoanalityczna.pl\/index.php?rest_route=\/wp\/v2\/users\/2"}],"replies":[{"embeddable":true,"href":"http:\/\/psychoterapiapsychoanalityczna.pl\/index.php?rest_route=%2Fwp%2Fv2%2Fcomments&post=595"}],"version-history":[{"count":8,"href":"http:\/\/psychoterapiapsychoanalityczna.pl\/index.php?rest_route=\/wp\/v2\/pages\/595\/revisions"}],"predecessor-version":[{"id":612,"href":"http:\/\/psychoterapiapsychoanalityczna.pl\/index.php?rest_route=\/wp\/v2\/pages\/595\/revisions\/612"}],"wp:attachment":[{"href":"http:\/\/psychoterapiapsychoanalityczna.pl\/index.php?rest_route=%2Fwp%2Fv2%2Fmedia&parent=595"}],"curies":[{"name":"wp","href":"https:\/\/api.w.org\/{rel}","templated":true}]}}