{"id":515,"date":"2023-11-08T08:36:26","date_gmt":"2023-11-08T08:36:26","guid":{"rendered":"http:\/\/psychoterapiapsychoanalityczna.pl\/?page_id=515"},"modified":"2026-04-21T15:04:10","modified_gmt":"2026-04-21T15:04:10","slug":"i-rok","status":"publish","type":"page","link":"http:\/\/psychoterapiapsychoanalityczna.pl\/?page_id=515","title":{"rendered":"Rok III:"},"content":{"rendered":"\n<p><\/p>\n\n\n\n<p><strong>SEMESTR JESIENNY 2026\/27:<\/strong><\/p>\n\n\n\n<p>Konsultacja, setting, regresja \/ Seminarium kliniczne &#8211; Agnieszka Rudzka<\/p>\n\n\n\n<p>Teoria Biona cz. 2 \/ Seminarium kliniczne &#8211; Dorota Komuda<\/p>\n\n\n\n<p>Superego \/ Seminarium kliniczne &#8211; Krzysztof Srebrny<\/p>\n\n\n\n<p><strong>SEMESTR WIOSENNY 2025\/26:<\/strong><\/p>\n\n\n\n<p>Zjawiska edypalne \/ Seminarium kliniczne &#8211; Olga Jab\u0142o\u0144ska<\/p>\n\n\n\n<p>Seminarium fakultatywne (&#8222;Trzymanie, u\u017cywanie, zabawa.&#8221;) \/ Seminarium kliniczne &#8211; Arkadiusz Piestrak<\/p>\n\n\n\n<p>Wprowadzenie do teorii W. Biona \/ Seminarium kliniczne &#8211; Krzysztof Srebrny<\/p>\n\n\n\n<p><\/p>\n\n\n\n<p><\/p>\n","protected":false},"excerpt":{"rendered":"<p>SEMESTR JESIENNY 2026\/27: Konsultacja, setting, regresja \/ Seminarium kliniczne &#8211; Agnieszka Rudzka Teoria Biona cz. 2 \/ Seminarium kliniczne &#8211; Dorota Komuda Superego \/ Seminarium kliniczne &#8211; Krzysztof Srebrny SEMESTR WIOSENNY 2025\/26: Zjawiska edypalne \/ Seminarium kliniczne &#8211; Olga Jab\u0142o\u0144ska Seminarium fakultatywne (&#8222;Trzymanie, u\u017cywanie, zabawa.&#8221;) \/ Seminarium kliniczne &#8211; Arkadiusz Piestrak Wprowadzenie do teorii W. [&hellip;]<\/p>\n","protected":false},"author":2,"featured_media":0,"parent":0,"menu_order":0,"comment_status":"closed","ping_status":"closed","template":"","meta":[],"_links":{"self":[{"href":"http:\/\/psychoterapiapsychoanalityczna.pl\/index.php?rest_route=\/wp\/v2\/pages\/515"}],"collection":[{"href":"http:\/\/psychoterapiapsychoanalityczna.pl\/index.php?rest_route=\/wp\/v2\/pages"}],"about":[{"href":"http:\/\/psychoterapiapsychoanalityczna.pl\/index.php?rest_route=\/wp\/v2\/types\/page"}],"author":[{"embeddable":true,"href":"http:\/\/psychoterapiapsychoanalityczna.pl\/index.php?rest_route=\/wp\/v2\/users\/2"}],"replies":[{"embeddable":true,"href":"http:\/\/psychoterapiapsychoanalityczna.pl\/index.php?rest_route=%2Fwp%2Fv2%2Fcomments&post=515"}],"version-history":[{"count":14,"href":"http:\/\/psychoterapiapsychoanalityczna.pl\/index.php?rest_route=\/wp\/v2\/pages\/515\/revisions"}],"predecessor-version":[{"id":618,"href":"http:\/\/psychoterapiapsychoanalityczna.pl\/index.php?rest_route=\/wp\/v2\/pages\/515\/revisions\/618"}],"wp:attachment":[{"href":"http:\/\/psychoterapiapsychoanalityczna.pl\/index.php?rest_route=%2Fwp%2Fv2%2Fmedia&parent=515"}],"curies":[{"name":"wp","href":"https:\/\/api.w.org\/{rel}","templated":true}]}}