{"id":47,"date":"2015-02-16T16:51:29","date_gmt":"2015-02-16T16:51:29","guid":{"rendered":"http:\/\/silver.tylkoinz.pl\/?page_id=47"},"modified":"2026-04-14T09:31:32","modified_gmt":"2026-04-14T09:31:32","slug":"rekrutacja-2","status":"publish","type":"page","link":"http:\/\/psychoterapiapsychoanalityczna.pl\/?page_id=47","title":{"rendered":"Rekrutacja"},"content":{"rendered":"<p><strong>REKRUTACJA<br \/>\n<\/strong><\/p>\n<p>Osoby zainteresowane szkoleniem proszone s\u0105 o przes\u0142anie zg\u0142oszenia na adres:\u00a0 <a title=\"dspp@psychoterapiapsychoanalityczna.pl\" href=\"mailto:dspp@psychoterapiapsychoanalityczna.pl\">dspp@psychoterapiapsychoanalityczna.pl<\/a>.<\/p>\n<p>Prosimy by z zg\u0142oszenie zawiera\u0142o nast\u0119puj\u0105ce informacje:<\/p>\n<ul>\n<li>dane kontaktowe<\/li>\n<li>do\u015bwiadczenie kliniczne<\/li>\n<li>uko\u0144czone szkolenia<\/li>\n<li>trening w\u0142asny (odbyte lub odbywane w\u0142asne terapie)<\/li>\n<\/ul>\n<p>Z ka\u017cdym z kandydat\u00f3w do szkolenia odb\u0119dziemy rozmow\u0119 informacyjno-kwalifikacyjn\u0105.<\/p>\n<p><strong>Kwalifikacja do szkolenia odbywa si\u0119 BEZP\u0141ATNIE.<\/strong><\/p>\n<p><strong>Planowane rozpocz\u0119cie kolejnej edycji szkolenia: wrzesie\u0144 2025<br \/>\n<\/strong><\/p>\n<p><strong>KOSZTY:<\/strong><\/p>\n<p><strong>Roczny<\/strong> koszt szkolenia (10 zjazd\u00f3w) wynosi:<\/p>\n<p>7400 PLN w przypadku wp\u0142aty w jednej racie<\/p>\n<p>7900 PLN w przypadku wp\u0142aty w dw\u00f3ch ratach (dwie raty po 3950 PLN)<\/p>\n<p>8400 PLN w przypadku wp\u0142aty w 10-ciu ratach (comiesi\u0119czna rata po 840 PLN)<\/p>\n<p>W razie pyta\u0144 i w\u0105tpliwo\u015bci prosimy o kontakt mailowy lub telefoniczny (Krzysztof Srebrny: 502 391 575)<\/p>\n","protected":false},"excerpt":{"rendered":"<p>REKRUTACJA Osoby zainteresowane szkoleniem proszone s\u0105 o przes\u0142anie zg\u0142oszenia na adres:\u00a0 dspp@psychoterapiapsychoanalityczna.pl. Prosimy by z zg\u0142oszenie zawiera\u0142o nast\u0119puj\u0105ce informacje: dane kontaktowe do\u015bwiadczenie kliniczne uko\u0144czone szkolenia trening w\u0142asny (odbyte lub odbywane w\u0142asne terapie) Z ka\u017cdym z kandydat\u00f3w do szkolenia odb\u0119dziemy rozmow\u0119 informacyjno-kwalifikacyjn\u0105. Kwalifikacja do szkolenia odbywa si\u0119 BEZP\u0141ATNIE. Planowane rozpocz\u0119cie kolejnej edycji szkolenia: wrzesie\u0144 2025 KOSZTY: [&hellip;]<\/p>\n","protected":false},"author":1,"featured_media":0,"parent":0,"menu_order":0,"comment_status":"open","ping_status":"open","template":"","meta":[],"_links":{"self":[{"href":"http:\/\/psychoterapiapsychoanalityczna.pl\/index.php?rest_route=\/wp\/v2\/pages\/47"}],"collection":[{"href":"http:\/\/psychoterapiapsychoanalityczna.pl\/index.php?rest_route=\/wp\/v2\/pages"}],"about":[{"href":"http:\/\/psychoterapiapsychoanalityczna.pl\/index.php?rest_route=\/wp\/v2\/types\/page"}],"author":[{"embeddable":true,"href":"http:\/\/psychoterapiapsychoanalityczna.pl\/index.php?rest_route=\/wp\/v2\/users\/1"}],"replies":[{"embeddable":true,"href":"http:\/\/psychoterapiapsychoanalityczna.pl\/index.php?rest_route=%2Fwp%2Fv2%2Fcomments&post=47"}],"version-history":[{"count":21,"href":"http:\/\/psychoterapiapsychoanalityczna.pl\/index.php?rest_route=\/wp\/v2\/pages\/47\/revisions"}],"predecessor-version":[{"id":610,"href":"http:\/\/psychoterapiapsychoanalityczna.pl\/index.php?rest_route=\/wp\/v2\/pages\/47\/revisions\/610"}],"wp:attachment":[{"href":"http:\/\/psychoterapiapsychoanalityczna.pl\/index.php?rest_route=%2Fwp%2Fv2%2Fmedia&parent=47"}],"curies":[{"name":"wp","href":"https:\/\/api.w.org\/{rel}","templated":true}]}}