{"id":45,"date":"2015-02-16T16:49:07","date_gmt":"2015-02-16T16:49:07","guid":{"rendered":"http:\/\/silver.tylkoinz.pl\/?page_id=45"},"modified":"2021-11-30T13:53:06","modified_gmt":"2021-11-30T13:53:06","slug":"program","status":"publish","type":"page","link":"http:\/\/psychoterapiapsychoanalityczna.pl\/?page_id=45","title":{"rendered":"Program"},"content":{"rendered":"<p>Szkolenie trwa <strong>4,5 roku<\/strong>. W ka\u017cdym roku odbywa si\u0119 <strong>10 weekendowych zjazd\u00f3w<\/strong> sk\u0142adaj\u0105cych si\u0119 z cz\u0119\u015bci teoretycznej i superwizyjnej. Podczas ka\u017cdego zjazdu odbywaj\u0105 si\u0119 trzy seminaria teoretyczne i trzy superwizje pracy klinicznej (z regu\u0142y z trzema r\u00f3\u017cnymi prowadz\u0105cymi).<\/p>\n<p>Program teoretyczny zawiera:<\/p>\n<ul>\n<li>seminarium <strong>etyczne<\/strong><\/li>\n<li>seminaria omawiaj\u0105ce r\u00f3\u017cne <strong>teorie psychoanalityczne<\/strong> (Z. Freud, M. Klein, D. Winnicott, W. Bion i inni)<\/li>\n<li>seminarium <strong>techniczne<\/strong> (setting analityczny, przeniesienie, przeciprzeniesienie itp.)<\/li>\n<li>seminaria po\u015bwi\u0119cone <strong>psychopatologii<\/strong> (depresje, psychozy, narcyzm, osobowo\u015b\u0107 borderline, histeria itp.)<\/li>\n<li>seminaria po\u015bwi\u0119cone <strong>psychopatologii relacji terapeutycznej<\/strong> (patologiczna organizacja, acting out, azyl psychiczny itp.)<\/li>\n<li>seminarium po\u015bwi\u0119cone <strong>psychoanalitycznej pracy z dzie\u0107mi i m\u0142odzie\u017c\u0105<\/strong><\/li>\n<li>seminaria <strong>fakultatywne<\/strong><\/li>\n<li>seminaria <strong>interdyscyplinarne<\/strong><\/li>\n<li>seminarium po\u015bwi\u0119cone <strong>pisaniu pracy ko\u0144cowej<\/strong><\/li>\n<\/ul>\n","protected":false},"excerpt":{"rendered":"<p>Szkolenie trwa 4,5 roku. W ka\u017cdym roku odbywa si\u0119 10 weekendowych zjazd\u00f3w sk\u0142adaj\u0105cych si\u0119 z cz\u0119\u015bci teoretycznej i superwizyjnej. Podczas ka\u017cdego zjazdu odbywaj\u0105 si\u0119 trzy seminaria teoretyczne i trzy superwizje pracy klinicznej (z regu\u0142y z trzema r\u00f3\u017cnymi prowadz\u0105cymi). Program teoretyczny zawiera: seminarium etyczne seminaria omawiaj\u0105ce r\u00f3\u017cne teorie psychoanalityczne (Z. Freud, M. Klein, D. Winnicott, W. [&hellip;]<\/p>\n","protected":false},"author":1,"featured_media":0,"parent":0,"menu_order":0,"comment_status":"open","ping_status":"open","template":"","meta":[],"_links":{"self":[{"href":"http:\/\/psychoterapiapsychoanalityczna.pl\/index.php?rest_route=\/wp\/v2\/pages\/45"}],"collection":[{"href":"http:\/\/psychoterapiapsychoanalityczna.pl\/index.php?rest_route=\/wp\/v2\/pages"}],"about":[{"href":"http:\/\/psychoterapiapsychoanalityczna.pl\/index.php?rest_route=\/wp\/v2\/types\/page"}],"author":[{"embeddable":true,"href":"http:\/\/psychoterapiapsychoanalityczna.pl\/index.php?rest_route=\/wp\/v2\/users\/1"}],"replies":[{"embeddable":true,"href":"http:\/\/psychoterapiapsychoanalityczna.pl\/index.php?rest_route=%2Fwp%2Fv2%2Fcomments&post=45"}],"version-history":[{"count":6,"href":"http:\/\/psychoterapiapsychoanalityczna.pl\/index.php?rest_route=\/wp\/v2\/pages\/45\/revisions"}],"predecessor-version":[{"id":455,"href":"http:\/\/psychoterapiapsychoanalityczna.pl\/index.php?rest_route=\/wp\/v2\/pages\/45\/revisions\/455"}],"wp:attachment":[{"href":"http:\/\/psychoterapiapsychoanalityczna.pl\/index.php?rest_route=%2Fwp%2Fv2%2Fmedia&parent=45"}],"curies":[{"name":"wp","href":"https:\/\/api.w.org\/{rel}","templated":true}]}}