{"id":43,"date":"2015-02-16T16:47:38","date_gmt":"2015-02-16T16:47:38","guid":{"rendered":"http:\/\/silver.tylkoinz.pl\/?page_id=43"},"modified":"2025-08-25T16:59:42","modified_gmt":"2025-08-25T16:59:42","slug":"kadra","status":"publish","type":"page","link":"http:\/\/psychoterapiapsychoanalityczna.pl\/?page_id=43","title":{"rendered":"Kadra"},"content":{"rendered":"<p><a title=\"Krzysztof Srebrny\" href=\"http:\/\/www.krzysztofsrebrny.pl\"><strong>Krzysztof Srebrny<\/strong><\/a> \u2013 Psychoanalityk, cz\u0142onek Polskiego Towarzystwa Psychoanalitycznego, superwizor i terapeuta szkoleniowy Polskiego Towarzystwa Psychoterapii Psychoanalitycznej. Od 2010 prowadzi seminaria i superwizje we Wroc\u0142awiu, superwizuje m.in. Oddzia\u0142 Nerwic Dolno\u015bl\u0105skiego Centrum Zdrowia Psychicznego. Cz\u0142onek honorowy Dolno\u015bl\u0105ko-Opolskiego Oddzia\u0142u PTPP oraz Dolno\u015bl\u0105skiego Stowarzyszenia Psychoterapeut\u00f3w. Kieruje Rad\u0105 Szkolenia DSPP. Mieszka i praktykuje w Sulej\u00f3wku k. Warszawy.<\/p>\n<p><strong>Dawid Bie\u0144kowski\u00a0<\/strong>&#8211; certyfikoany psychoanalityk Polskiego Towarzystwa Psychoanalitycznego, superwizor i terapeuta szkoleniowy Polskiego Towarzystwa Psychoterapii Psychoanalitycznej.\u00a0 Mieszka i praktykuje w Warszawie.<\/p>\n<p><strong>Anna G\u0105siorowska-Krawczyk <\/strong> &#8211; Psychoanalityczka w Polskim Towarzystwie Psychoanalitycznym, terapeutaka i superwizorka PTPP. Za\u0142o\u017cycielka O\u015brodka Psychoterapii\u00a0 i My\u015bli Psychoanalitycznej w Poznaniu, cz\u0142onek zespo\u0142u O\u015brodka My\u015bli Psychoanalitycznej przy IFiS PAN.\u00a0 Mieszka i praktykuje w Poznaniu.<\/p>\n<p><strong>Olga Jab\u0142o\u0144ska<\/strong> &#8211; Psychoterapeutka szkoleniowa i superwizorka Polskiego Towarzystwa Psychoterapii Psychoanalitycznej. Mieszka i praktykuje we Wroc\u0142awiu.<\/p>\n<p><strong>Katarzyna Jarosz<\/strong> &#8211; Certyfikowana psychoterapeutka psychoanalityczna, superwizorka i terapeutka szkoleniowa PTPP. Mieszka i praktykuje we Wroc\u0142awiu.<\/p>\n<p><strong>Marta Kami\u0144ska\u00a0<\/strong>&#8211; Psychoanalityczka Polskiego Towarzystwa Psychoanalitycznego. Mieszka i praktykuje we Wroc\u0142awiu.<\/p>\n<p><strong>Dorota Komuda<\/strong> &#8211; Certyfikowana psychoterapeutka psychoanalityczna, superwizorka i terapeutka szkoleniowa PTPP. Mieszka i praktykuje we Wroc\u0142awiu.<\/p>\n<p><strong>Micha\u0142 Ro\u017cko &#8211;<\/strong> Psychoanalityk Polskiego Towarzystwa Psychoanalitycznego.\u00a0 Cz\u0142onek Rady Szkolenia DSPP. Mieszka i praktykuje we Wroc\u0142awiu.<\/p>\n<p><span style=\"color: #3366ff;\"><strong>Urszula Wach<\/strong> <\/span>\u2013 Certyfikowana psychoterapeutka psychoanalityczna, terapeutka szkoleniowa i superwizorka Polskiego Towarzystwa Psychoterapii Psychoanalitycznej. Mieszka i praktykuje we Wroc\u0142awiu.<\/p>\n<p><strong>Agnieszka Rudzka<\/strong> &#8211; Psychoanalityczka Polskiego Towarzystwa Psychoanalitycznego. Mieszka i praktykuje w Warszawie.<\/p>\n<p align=\"JUSTIFY\">\n","protected":false},"excerpt":{"rendered":"<p>Krzysztof Srebrny \u2013 Psychoanalityk, cz\u0142onek Polskiego Towarzystwa Psychoanalitycznego, superwizor i terapeuta szkoleniowy Polskiego Towarzystwa Psychoterapii Psychoanalitycznej. Od 2010 prowadzi seminaria i superwizje we Wroc\u0142awiu, superwizuje m.in. Oddzia\u0142 Nerwic Dolno\u015bl\u0105skiego Centrum Zdrowia Psychicznego. Cz\u0142onek honorowy Dolno\u015bl\u0105ko-Opolskiego Oddzia\u0142u PTPP oraz Dolno\u015bl\u0105skiego Stowarzyszenia Psychoterapeut\u00f3w. Kieruje Rad\u0105 Szkolenia DSPP. Mieszka i praktykuje w Sulej\u00f3wku k. Warszawy. Dawid Bie\u0144kowski\u00a0&#8211; certyfikoany [&hellip;]<\/p>\n","protected":false},"author":1,"featured_media":0,"parent":0,"menu_order":0,"comment_status":"open","ping_status":"open","template":"","meta":[],"_links":{"self":[{"href":"http:\/\/psychoterapiapsychoanalityczna.pl\/index.php?rest_route=\/wp\/v2\/pages\/43"}],"collection":[{"href":"http:\/\/psychoterapiapsychoanalityczna.pl\/index.php?rest_route=\/wp\/v2\/pages"}],"about":[{"href":"http:\/\/psychoterapiapsychoanalityczna.pl\/index.php?rest_route=\/wp\/v2\/types\/page"}],"author":[{"embeddable":true,"href":"http:\/\/psychoterapiapsychoanalityczna.pl\/index.php?rest_route=\/wp\/v2\/users\/1"}],"replies":[{"embeddable":true,"href":"http:\/\/psychoterapiapsychoanalityczna.pl\/index.php?rest_route=%2Fwp%2Fv2%2Fcomments&post=43"}],"version-history":[{"count":30,"href":"http:\/\/psychoterapiapsychoanalityczna.pl\/index.php?rest_route=\/wp\/v2\/pages\/43\/revisions"}],"predecessor-version":[{"id":581,"href":"http:\/\/psychoterapiapsychoanalityczna.pl\/index.php?rest_route=\/wp\/v2\/pages\/43\/revisions\/581"}],"wp:attachment":[{"href":"http:\/\/psychoterapiapsychoanalityczna.pl\/index.php?rest_route=%2Fwp%2Fv2%2Fmedia&parent=43"}],"curies":[{"name":"wp","href":"https:\/\/api.w.org\/{rel}","templated":true}]}}